{"id":253,"date":"2024-02-29T10:56:16","date_gmt":"2024-02-29T08:56:16","guid":{"rendered":"https:\/\/kstephan.hak-digital.at\/?page_id=253"},"modified":"2025-05-23T12:39:08","modified_gmt":"2025-05-23T10:39:08","slug":"ueber-mich","status":"publish","type":"page","link":"https:\/\/kstephan.hak-digital.at\/?page_id=253","title":{"rendered":"\u00dcber mich"},"content":{"rendered":"\n<div class=\"wp-block-columns is-layout-flex wp-container-core-columns-is-layout-9d6595d7 wp-block-columns-is-layout-flex\">\n<div class=\"wp-block-column is-layout-flow wp-block-column-is-layout-flow\">\n<figure class=\"wp-block-image size-large has-custom-border is-style-rounded\"><img loading=\"lazy\" decoding=\"async\" width=\"797\" height=\"1024\" src=\"http:\/\/kstephan.hak-digital.at\/wp-content\/uploads\/2024\/02\/Image-6-797x1024.jpg\" alt=\"\" class=\"wp-image-213\" style=\"border-style:none;border-width:0px\" srcset=\"https:\/\/kstephan.hak-digital.at\/wp-content\/uploads\/2024\/02\/Image-6-797x1024.jpg 797w, https:\/\/kstephan.hak-digital.at\/wp-content\/uploads\/2024\/02\/Image-6-234x300.jpg 234w, https:\/\/kstephan.hak-digital.at\/wp-content\/uploads\/2024\/02\/Image-6-768x986.jpg 768w, https:\/\/kstephan.hak-digital.at\/wp-content\/uploads\/2024\/02\/Image-6-1196x1536.jpg 1196w, https:\/\/kstephan.hak-digital.at\/wp-content\/uploads\/2024\/02\/Image-6-1595x2048.jpg 1595w, https:\/\/kstephan.hak-digital.at\/wp-content\/uploads\/2024\/02\/Image-6-scaled.jpg 1994w\" sizes=\"auto, (max-width: 797px) 100vw, 797px\" \/><\/figure>\n<\/div>\n\n\n\n<div class=\"wp-block-column is-layout-flow wp-block-column-is-layout-flow\">\n<p class=\"has-medium-font-size\"><mark style=\"background-color:rgba(0, 0, 0, 0)\" class=\"has-inline-color has-luminous-vivid-amber-color\"><strong>Name: <\/strong><\/mark>Katharina Stephan<\/p>\n\n\n\n<p class=\"has-medium-font-size\"><strong><mark style=\"background-color:rgba(0, 0, 0, 0)\" class=\"has-inline-color has-luminous-vivid-amber-color\">Alter:<\/mark><\/strong> 17 Jahre<\/p>\n\n\n\n<p class=\"has-medium-font-size\"><mark style=\"background-color:rgba(0, 0, 0, 0)\" class=\"has-inline-color has-luminous-vivid-amber-color\"><strong>Geschlecht:<\/strong><\/mark> Weiblich<\/p>\n\n\n\n<p class=\"has-medium-font-size\"><mark style=\"background-color:rgba(0, 0, 0, 0)\" class=\"has-inline-color has-luminous-vivid-amber-color\"><strong>Staatsangeh\u00f6rigkeit:<\/strong><\/mark> \u00d6sterreich<\/p>\n\n\n\n<p class=\"has-medium-font-size\"><\/p>\n\n\n\n<p class=\"has-medium-font-size\"><strong><mark style=\"background-color:rgba(0, 0, 0, 0)\" class=\"has-inline-color has-luminous-vivid-amber-color\">Muttersprache:<\/mark><\/strong> Deutsch C2<\/p>\n\n\n\n<p class=\"has-medium-font-size\"><strong><mark style=\"background-color:rgba(0, 0, 0, 0)\" class=\"has-inline-color has-luminous-vivid-amber-color\">Sonstige Sprachen: <\/mark><\/strong>Englisch B2 u. Italienisch A2<\/p>\n\n\n\n<p><\/p>\n\n\n\n<p class=\"has-medium-font-size\"><mark style=\"background-color:rgba(0, 0, 0, 0)\" class=\"has-inline-color has-luminous-vivid-amber-color\"><strong>Soziale und organisatorische F\u00e4higkeiten:<\/strong><\/mark> organisiert, verl\u00e4sslich, teamf\u00e4hig, kreativ&nbsp;&nbsp;&nbsp;&nbsp;&nbsp;&nbsp;<\/p>\n\n\n\n<p class=\"has-medium-font-size\"><strong><mark style=\"background-color:rgba(0, 0, 0, 0)\" class=\"has-inline-color has-luminous-vivid-amber-color\">EDV &#8211; Kenntnisse:<\/mark><\/strong> Microsoft Office (Word, Excel, PowerPoint, Outlook), BMD<\/p>\n<\/div>\n<\/div>\n\n\n\n<p class=\"has-medium-font-size\"><\/p>\n\n\n\n<figure class=\"wp-block-gallery has-nested-images columns-default is-cropped wp-block-gallery-1 is-layout-flex wp-block-gallery-is-layout-flex\">\n<figure class=\"wp-block-image size-large is-style-rounded\"><img loading=\"lazy\" decoding=\"async\" width=\"1024\" height=\"768\" data-id=\"209\" src=\"https:\/\/kstephan.hak-digital.at\/wp-content\/uploads\/2024\/02\/DSC02277-1024x768.jpg\" alt=\"\" class=\"wp-image-209\" srcset=\"https:\/\/kstephan.hak-digital.at\/wp-content\/uploads\/2024\/02\/DSC02277-1024x768.jpg 1024w, https:\/\/kstephan.hak-digital.at\/wp-content\/uploads\/2024\/02\/DSC02277-300x225.jpg 300w, https:\/\/kstephan.hak-digital.at\/wp-content\/uploads\/2024\/02\/DSC02277-768x576.jpg 768w, https:\/\/kstephan.hak-digital.at\/wp-content\/uploads\/2024\/02\/DSC02277-1536x1152.jpg 1536w, https:\/\/kstephan.hak-digital.at\/wp-content\/uploads\/2024\/02\/DSC02277-2048x1536.jpg 2048w\" sizes=\"auto, (max-width: 1024px) 100vw, 1024px\" \/><\/figure>\n\n\n\n<figure class=\"wp-block-image size-large is-style-rounded\"><img loading=\"lazy\" decoding=\"async\" width=\"1024\" height=\"768\" data-id=\"196\" src=\"https:\/\/kstephan.hak-digital.at\/wp-content\/uploads\/2024\/02\/DSC02180-1024x768.jpg\" alt=\"\" class=\"wp-image-196\" srcset=\"https:\/\/kstephan.hak-digital.at\/wp-content\/uploads\/2024\/02\/DSC02180-1024x768.jpg 1024w, https:\/\/kstephan.hak-digital.at\/wp-content\/uploads\/2024\/02\/DSC02180-300x225.jpg 300w, https:\/\/kstephan.hak-digital.at\/wp-content\/uploads\/2024\/02\/DSC02180-768x576.jpg 768w, https:\/\/kstephan.hak-digital.at\/wp-content\/uploads\/2024\/02\/DSC02180-1536x1152.jpg 1536w, https:\/\/kstephan.hak-digital.at\/wp-content\/uploads\/2024\/02\/DSC02180-2048x1536.jpg 2048w\" sizes=\"auto, (max-width: 1024px) 100vw, 1024px\" \/><\/figure>\n\n\n\n<figure class=\"wp-block-image size-large is-style-rounded\"><img loading=\"lazy\" decoding=\"async\" width=\"1024\" height=\"384\" data-id=\"206\" src=\"https:\/\/kstephan.hak-digital.at\/wp-content\/uploads\/2024\/02\/cropped-DSC02196-scaled-3-1024x384.jpg\" alt=\"\" class=\"wp-image-206\" srcset=\"https:\/\/kstephan.hak-digital.at\/wp-content\/uploads\/2024\/02\/cropped-DSC02196-scaled-3-1024x384.jpg 1024w, https:\/\/kstephan.hak-digital.at\/wp-content\/uploads\/2024\/02\/cropped-DSC02196-scaled-3-300x113.jpg 300w, https:\/\/kstephan.hak-digital.at\/wp-content\/uploads\/2024\/02\/cropped-DSC02196-scaled-3-768x288.jpg 768w, https:\/\/kstephan.hak-digital.at\/wp-content\/uploads\/2024\/02\/cropped-DSC02196-scaled-3-1536x576.jpg 1536w, https:\/\/kstephan.hak-digital.at\/wp-content\/uploads\/2024\/02\/cropped-DSC02196-scaled-3.jpg 1600w\" sizes=\"auto, (max-width: 1024px) 100vw, 1024px\" \/><\/figure>\n<\/figure>\n\n\n\n<p><\/p>\n","protected":false},"excerpt":{"rendered":"<p>Name: Katharina Stephan Alter: 17 Jahre Geschlecht: Weiblich Staatsangeh\u00f6rigkeit: \u00d6sterreich Muttersprache: Deutsch C2 Sonstige Sprachen: Englisch B2 u. Italienisch A2 Soziale und organisatorische F\u00e4higkeiten: organisiert, verl\u00e4sslich, teamf\u00e4hig, kreativ&nbsp;&nbsp;&nbsp;&nbsp;&nbsp;&nbsp; EDV &#8211; Kenntnisse: Microsoft Office (Word, Excel, PowerPoint, Outlook), BMD<\/p>\n","protected":false},"author":1,"featured_media":222,"parent":0,"menu_order":0,"comment_status":"closed","ping_status":"closed","template":"","meta":{"ngg_post_thumbnail":0,"_kad_post_transparent":"","_kad_post_title":"","_kad_post_layout":"","_kad_post_sidebar_id":"","_kad_post_content_style":"","_kad_post_vertical_padding":"","_kad_post_feature":"","_kad_post_feature_position":"","_kad_post_header":false,"_kad_post_footer":false,"footnotes":""},"class_list":["post-253","page","type-page","status-publish","has-post-thumbnail","hentry"],"_links":{"self":[{"href":"https:\/\/kstephan.hak-digital.at\/index.php?rest_route=\/wp\/v2\/pages\/253","targetHints":{"allow":["GET"]}}],"collection":[{"href":"https:\/\/kstephan.hak-digital.at\/index.php?rest_route=\/wp\/v2\/pages"}],"about":[{"href":"https:\/\/kstephan.hak-digital.at\/index.php?rest_route=\/wp\/v2\/types\/page"}],"author":[{"embeddable":true,"href":"https:\/\/kstephan.hak-digital.at\/index.php?rest_route=\/wp\/v2\/users\/1"}],"replies":[{"embeddable":true,"href":"https:\/\/kstephan.hak-digital.at\/index.php?rest_route=%2Fwp%2Fv2%2Fcomments&post=253"}],"version-history":[{"count":7,"href":"https:\/\/kstephan.hak-digital.at\/index.php?rest_route=\/wp\/v2\/pages\/253\/revisions"}],"predecessor-version":[{"id":278,"href":"https:\/\/kstephan.hak-digital.at\/index.php?rest_route=\/wp\/v2\/pages\/253\/revisions\/278"}],"wp:featuredmedia":[{"embeddable":true,"href":"https:\/\/kstephan.hak-digital.at\/index.php?rest_route=\/wp\/v2\/media\/222"}],"wp:attachment":[{"href":"https:\/\/kstephan.hak-digital.at\/index.php?rest_route=%2Fwp%2Fv2%2Fmedia&parent=253"}],"curies":[{"name":"wp","href":"https:\/\/api.w.org\/{rel}","templated":true}]}}