{"id":228,"date":"2024-02-29T09:43:47","date_gmt":"2024-02-29T07:43:47","guid":{"rendered":"https:\/\/kstephan.hak-digital.at\/?page_id=228"},"modified":"2024-02-29T10:57:09","modified_gmt":"2024-02-29T08:57:09","slug":"hobbies","status":"publish","type":"page","link":"https:\/\/kstephan.hak-digital.at\/?page_id=228","title":{"rendered":"Hobbies"},"content":{"rendered":"\n<h2 class=\"wp-block-heading\">Fotografie<\/h2>\n\n\n\n<p>In meiner Freizeit mache ich sehr gerne mit meiner Kamera Fotos von allem M\u00f6glichen. <br>Ich habe euch ein Paar Bilder, die ich gemacht habe, gesucht. <\/p>\n\n\n\n\t<div class='ngg-imagebrowser default-view'\n\t\tid='ngg-imagebrowser-7f67bf90533db8839a3034bf753478ae-228'\n\t\tdata-nextgen-gallery-id=\"7f67bf90533db8839a3034bf753478ae\">\n\n\t\t<h3>Fotos<\/h3>\n\n\t\t<div id=\"ngg-image-0\" class=\"pic\" \n\t\t\t\t\t>\n\t\t<a href='https:\/\/kstephan.hak-digital.at\/wp-content\/gallery\/fotos\/DSC02300.JPG'\n\t\t\ttitle=' '\n\t\t\tdata-src=\"https:\/\/kstephan.hak-digital.at\/wp-content\/gallery\/fotos\/DSC02300.JPG\"\n\t\t\tdata-thumbnail=\"https:\/\/kstephan.hak-digital.at\/wp-content\/gallery\/fotos\/thumbs\/thumbs-DSC02300.JPG\"\n\t\t\tdata-image-id=\"46\"\n\t\t\tdata-title=\"Fotos\"\n\t\t\tdata-description=\" \"\n\t\t\tclass=\"ngg-simplelightbox\" rel=\"7f67bf90533db8839a3034bf753478ae\">\n\t\t\t<img title='Fotos'\n\t\t\t\talt='Fotos'\n\t\t\t\tsrc='https:\/\/kstephan.hak-digital.at\/wp-content\/gallery\/fotos\/DSC02300.JPG'\/>\n\t\t<\/a>\n\t\t\n\t\t<\/div>\n\t\t<div class='ngg-imagebrowser-nav'>\n\n\t\t\t<div class='back'>\n\t\t\t\t<a class='ngg-browser-prev'\n\t\t\t\t\tid='ngg-prev-52'\n\t\t\t\t\thref='https:\/\/kstephan.hak-digital.at\/index.php\/nggallery\/image\/dsc02274?page_id=228'>\n\t\t\t\t\t<i class=\"fa fa-chevron-left\" aria-hidden=\"true\"><\/i>\n\t\t\t\t<\/a>\n\t\t\t<\/div>\n\n\t\t\t<div class='next'>\n\t\t\t\t<a class='ngg-browser-next'\n\t\t\t\t\tid='ngg-next-51'\n\t\t\t\t\thref='https:\/\/kstephan.hak-digital.at\/index.php\/nggallery\/image\/dsc02281?page_id=228'>\n\t\t\t\t\t<i class=\"fa fa-chevron-right\" aria-hidden=\"true\"><\/i>\n\t\t\t\t<\/a>\n\t\t\t<\/div>\n\n\t\t\t<div class='counter'>\n\t\t\t\tBild\t\t\t\t1\t\t\t\tvon\t\t\t\t3\t\t\t<\/div>\n\n\t\t\t<div class='ngg-imagebrowser-desc'>\n\t\t\t\t<p> <\/p>\n\t\t\t<\/div>\n\n\t\t<\/div>\n\t<\/div>\n\n\n\n\n<p><\/p>\n\n\n\n<h2 class=\"wp-block-heading\">Lesen<\/h2>\n\n\n\n<p>Ich habe, als ich im Gymnasium in Deutsch ein Buchreferat \u00fcber die Buchreihe &#8222;Percy Jackson&#8220; von Rick Riordan machen musste, meine liebe f\u00fcr B\u00fccher gefunden. Seitdem habe ich jedoch auf englische B\u00fccher gewechselt.<br>Wenn ich gerade nicht lernen muss, oder male, findet man mich mit einem Buch in der Hand. <\/p>\n\n\n\n<p><strong><mark style=\"background-color:rgba(0, 0, 0, 0)\" class=\"has-inline-color has-black-color\">Ein paar meiner Lieblings-Buchserien sind:<\/mark><\/strong><\/p>\n\n\n\n\t<div class='ngg-imagebrowser default-view'\n\t\tid='ngg-imagebrowser-4921d22dea4b842b11d89a1031159a40-228'\n\t\tdata-nextgen-gallery-id=\"4921d22dea4b842b11d89a1031159a40\">\n\n\t\t<h3>Magnus Chase<\/h3>\n\n\t\t<div id=\"ngg-image-0\" class=\"pic\" \n\t\t\t\t\t>\n\t\t<a href='https:\/\/kstephan.hak-digital.at\/wp-content\/gallery\/buecher\/mch.jpg'\n\t\t\ttitle=' '\n\t\t\tdata-src=\"https:\/\/kstephan.hak-digital.at\/wp-content\/gallery\/buecher\/mch.jpg\"\n\t\t\tdata-thumbnail=\"https:\/\/kstephan.hak-digital.at\/wp-content\/gallery\/buecher\/thumbs\/thumbs-mch.jpg\"\n\t\t\tdata-image-id=\"47\"\n\t\t\tdata-title=\"Magnus Chase\"\n\t\t\tdata-description=\" \"\n\t\t\tclass=\"ngg-simplelightbox\" rel=\"4921d22dea4b842b11d89a1031159a40\">\n\t\t\t<img title='Magnus Chase'\n\t\t\t\talt='Magnus Chase'\n\t\t\t\tsrc='https:\/\/kstephan.hak-digital.at\/wp-content\/gallery\/buecher\/mch.jpg'\/>\n\t\t<\/a>\n\t\t\n\t\t<\/div>\n\t\t<div class='ngg-imagebrowser-nav'>\n\n\t\t\t<div class='back'>\n\t\t\t\t<a class='ngg-browser-prev'\n\t\t\t\t\tid='ngg-prev-50'\n\t\t\t\t\thref='https:\/\/kstephan.hak-digital.at\/index.php\/nggallery\/image\/ffa?page_id=228'>\n\t\t\t\t\t<i class=\"fa fa-chevron-left\" aria-hidden=\"true\"><\/i>\n\t\t\t\t<\/a>\n\t\t\t<\/div>\n\n\t\t\t<div class='next'>\n\t\t\t\t<a class='ngg-browser-next'\n\t\t\t\t\tid='ngg-next-48'\n\t\t\t\t\thref='https:\/\/kstephan.hak-digital.at\/index.php\/nggallery\/image\/hdo?page_id=228'>\n\t\t\t\t\t<i class=\"fa fa-chevron-right\" aria-hidden=\"true\"><\/i>\n\t\t\t\t<\/a>\n\t\t\t<\/div>\n\n\t\t\t<div class='counter'>\n\t\t\t\tBild\t\t\t\t1\t\t\t\tvon\t\t\t\t4\t\t\t<\/div>\n\n\t\t\t<div class='ngg-imagebrowser-desc'>\n\t\t\t\t<p> <\/p>\n\t\t\t<\/div>\n\n\t\t<\/div>\n\t<\/div>\n\n\n\n\n<p><\/p>\n\n\n\n<h2 class=\"wp-block-heading\">Malen<\/h2>\n\n\n\n<p>Einer meiner Lieblingsbesch\u00e4ftigungen ist Malen. Ich habe dieses Hobby schon seit ich sehr klein bin und verbessere mich mit jedem Bild, das ich fertig stelle.<\/p>\n\n\n\n<p>Ich habe f\u00fcr euch ein paar meiner Lieblingsgem\u00e4lde herausgesucht. <\/p>\n\n\n\n\t<div class='ngg-imagebrowser default-view'\n\t\tid='ngg-imagebrowser-f0e8283e957f6fa376c768b08435eeb8-228'\n\t\tdata-nextgen-gallery-id=\"f0e8283e957f6fa376c768b08435eeb8\">\n\n\t\t<h3>2024<\/h3>\n\n\t\t<div id=\"ngg-image-0\" class=\"pic\" \n\t\t\t\t\t>\n\t\t<a href='https:\/\/kstephan.hak-digital.at\/wp-content\/gallery\/gemaelde\/Image-10.jpg'\n\t\t\ttitle=' '\n\t\t\tdata-src=\"https:\/\/kstephan.hak-digital.at\/wp-content\/gallery\/gemaelde\/Image-10.jpg\"\n\t\t\tdata-thumbnail=\"https:\/\/kstephan.hak-digital.at\/wp-content\/gallery\/gemaelde\/thumbs\/thumbs-Image-10.jpg\"\n\t\t\tdata-image-id=\"40\"\n\t\t\tdata-title=\"2024\"\n\t\t\tdata-description=\" \"\n\t\t\tclass=\"ngg-simplelightbox\" rel=\"f0e8283e957f6fa376c768b08435eeb8\">\n\t\t\t<img title='2024'\n\t\t\t\talt='2024'\n\t\t\t\tsrc='https:\/\/kstephan.hak-digital.at\/wp-content\/gallery\/gemaelde\/Image-10.jpg'\/>\n\t\t<\/a>\n\t\t\n\t\t<\/div>\n\t\t<div class='ngg-imagebrowser-nav'>\n\n\t\t\t<div class='back'>\n\t\t\t\t<a class='ngg-browser-prev'\n\t\t\t\t\tid='ngg-prev-45'\n\t\t\t\t\thref='https:\/\/kstephan.hak-digital.at\/index.php\/nggallery\/image\/image-9?page_id=228'>\n\t\t\t\t\t<i class=\"fa fa-chevron-left\" aria-hidden=\"true\"><\/i>\n\t\t\t\t<\/a>\n\t\t\t<\/div>\n\n\t\t\t<div class='next'>\n\t\t\t\t<a class='ngg-browser-next'\n\t\t\t\t\tid='ngg-next-41'\n\t\t\t\t\thref='https:\/\/kstephan.hak-digital.at\/index.php\/nggallery\/image\/image-11?page_id=228'>\n\t\t\t\t\t<i class=\"fa fa-chevron-right\" aria-hidden=\"true\"><\/i>\n\t\t\t\t<\/a>\n\t\t\t<\/div>\n\n\t\t\t<div class='counter'>\n\t\t\t\tBild\t\t\t\t1\t\t\t\tvon\t\t\t\t6\t\t\t<\/div>\n\n\t\t\t<div class='ngg-imagebrowser-desc'>\n\t\t\t\t<p> <\/p>\n\t\t\t<\/div>\n\n\t\t<\/div>\n\t<\/div>\n\n","protected":false},"excerpt":{"rendered":"<p>Fotografie In meiner Freizeit mache ich sehr gerne mit meiner Kamera Fotos von allem M\u00f6glichen. Ich habe euch ein Paar Bilder, die ich gemacht habe, gesucht. Lesen Ich habe, als ich im Gymnasium in Deutsch ein Buchreferat \u00fcber die Buchreihe &#8222;Percy Jackson&#8220; von Rick Riordan machen musste, meine liebe f\u00fcr B\u00fccher gefunden. Seitdem habe ich&#8230;<\/p>\n","protected":false},"author":1,"featured_media":0,"parent":253,"menu_order":0,"comment_status":"closed","ping_status":"closed","template":"","meta":{"ngg_post_thumbnail":0,"_kad_post_transparent":"","_kad_post_title":"","_kad_post_layout":"","_kad_post_sidebar_id":"","_kad_post_content_style":"","_kad_post_vertical_padding":"","_kad_post_feature":"","_kad_post_feature_position":"","_kad_post_header":false,"_kad_post_footer":false,"footnotes":""},"class_list":["post-228","page","type-page","status-publish","hentry"],"_links":{"self":[{"href":"https:\/\/kstephan.hak-digital.at\/index.php?rest_route=\/wp\/v2\/pages\/228","targetHints":{"allow":["GET"]}}],"collection":[{"href":"https:\/\/kstephan.hak-digital.at\/index.php?rest_route=\/wp\/v2\/pages"}],"about":[{"href":"https:\/\/kstephan.hak-digital.at\/index.php?rest_route=\/wp\/v2\/types\/page"}],"author":[{"embeddable":true,"href":"https:\/\/kstephan.hak-digital.at\/index.php?rest_route=\/wp\/v2\/users\/1"}],"replies":[{"embeddable":true,"href":"https:\/\/kstephan.hak-digital.at\/index.php?rest_route=%2Fwp%2Fv2%2Fcomments&post=228"}],"version-history":[{"count":6,"href":"https:\/\/kstephan.hak-digital.at\/index.php?rest_route=\/wp\/v2\/pages\/228\/revisions"}],"predecessor-version":[{"id":241,"href":"https:\/\/kstephan.hak-digital.at\/index.php?rest_route=\/wp\/v2\/pages\/228\/revisions\/241"}],"up":[{"embeddable":true,"href":"https:\/\/kstephan.hak-digital.at\/index.php?rest_route=\/wp\/v2\/pages\/253"}],"wp:attachment":[{"href":"https:\/\/kstephan.hak-digital.at\/index.php?rest_route=%2Fwp%2Fv2%2Fmedia&parent=228"}],"curies":[{"name":"wp","href":"https:\/\/api.w.org\/{rel}","templated":true}]}}